{"id":716,"date":"2025-10-25T12:11:27","date_gmt":"2025-10-25T12:11:27","guid":{"rendered":"https:\/\/docs-schuengel.com\/?page_id=716"},"modified":"2025-10-25T12:15:32","modified_gmt":"2025-10-25T12:15:32","slug":"docs-schuengel-gmbh-webseite","status":"publish","type":"page","link":"https:\/\/docs-schuengel.com\/en\/","title":{"rendered":"Docs Sch\u00fcngel GmbH"},"content":{"rendered":"<!--Smart Slider #21 does NOT EXIST or has NO SLIDES!WordPress Shortcode-->\n\n\n<p><\/p>","protected":false},"excerpt":{"rendered":"","protected":false},"author":1,"featured_media":142,"parent":0,"menu_order":0,"comment_status":"closed","ping_status":"closed","template":"page-no-title","meta":{"_uag_custom_page_level_css":"","footnotes":""},"class_list":["post-716","page","type-page","status-publish","has-post-thumbnail","hentry"],"yoast_head":"<!-- This site is optimized with the Yoast SEO plugin v27.4 - https:\/\/yoast.com\/product\/yoast-seo-wordpress\/ -->\n<title>Mentale Recodierung \u00b7 Crisis Mediation by SCHUENGEL. Exclusiv.<\/title>\n<meta name=\"description\" content=\"Wir entschl\u00fcsseln, was andere \u00fcbersehen. Docs Sch\u00fcngel wirkt direkt im Bewusstseinsfeld. Pr\u00e4zise. Fundamental. Diskret.\" \/>\n<meta name=\"robots\" content=\"index, follow, max-snippet:-1, max-image-preview:large, max-video-preview:-1\" \/>\n<link rel=\"canonical\" href=\"https:\/\/docs-schuengel.com\/en\/\" \/>\n<meta property=\"og:locale\" content=\"en_US\" \/>\n<meta property=\"og:type\" content=\"article\" \/>\n<meta property=\"og:title\" content=\"Mentale Recodierung \u00b7 Crisis Mediation by SCHUENGEL. Exclusiv.\" \/>\n<meta property=\"og:description\" content=\"Wir entschl\u00fcsseln, was andere \u00fcbersehen. Docs Sch\u00fcngel wirkt direkt im Bewusstseinsfeld. Pr\u00e4zise. Fundamental. Diskret.\" \/>\n<meta property=\"og:url\" content=\"https:\/\/docs-schuengel.com\/en\/\" \/>\n<meta property=\"og:site_name\" content=\"Docs Sch&uuml;ngel\" \/>\n<meta property=\"article:modified_time\" content=\"2025-10-25T12:15:32+00:00\" \/>\n<meta property=\"og:image\" content=\"https:\/\/docs-schuengel.com\/wp-content\/uploads\/2025\/10\/Foto-von-uns-2.png\" \/>\n\t<meta property=\"og:image:width\" content=\"800\" \/>\n\t<meta property=\"og:image:height\" content=\"800\" \/>\n\t<meta property=\"og:image:type\" content=\"image\/png\" \/>\n<meta name=\"twitter:card\" content=\"summary_large_image\" \/>\n<meta name=\"twitter:label1\" content=\"Est. reading time\" \/>\n\t<meta name=\"twitter:data1\" content=\"1 minute\" \/>\n<script type=\"application\/ld+json\" class=\"yoast-schema-graph\">{\"@context\":\"https:\\\/\\\/schema.org\",\"@graph\":[{\"@type\":\"WebPage\",\"@id\":\"https:\\\/\\\/docs-schuengel.com\\\/\",\"url\":\"https:\\\/\\\/docs-schuengel.com\\\/\",\"name\":\"Mentale Recodierung \u00b7 Crisis Mediation by SCHUENGEL. Exclusiv.\",\"isPartOf\":{\"@id\":\"https:\\\/\\\/docs-schuengel.com\\\/#website\"},\"primaryImageOfPage\":{\"@id\":\"https:\\\/\\\/docs-schuengel.com\\\/#primaryimage\"},\"image\":{\"@id\":\"https:\\\/\\\/docs-schuengel.com\\\/#primaryimage\"},\"thumbnailUrl\":\"https:\\\/\\\/docs-schuengel.com\\\/wp-content\\\/uploads\\\/2025\\\/10\\\/Foto-von-uns-2.png\",\"datePublished\":\"2025-10-25T12:11:27+00:00\",\"dateModified\":\"2025-10-25T12:15:32+00:00\",\"description\":\"Wir entschl\u00fcsseln, was andere \u00fcbersehen. Docs Sch\u00fcngel wirkt direkt im Bewusstseinsfeld. Pr\u00e4zise. Fundamental. Diskret.\",\"breadcrumb\":{\"@id\":\"https:\\\/\\\/docs-schuengel.com\\\/#breadcrumb\"},\"inLanguage\":\"en-US\",\"potentialAction\":[{\"@type\":\"ReadAction\",\"target\":[\"https:\\\/\\\/docs-schuengel.com\\\/\"]}]},{\"@type\":\"ImageObject\",\"inLanguage\":\"en-US\",\"@id\":\"https:\\\/\\\/docs-schuengel.com\\\/#primaryimage\",\"url\":\"https:\\\/\\\/docs-schuengel.com\\\/wp-content\\\/uploads\\\/2025\\\/10\\\/Foto-von-uns-2.png\",\"contentUrl\":\"https:\\\/\\\/docs-schuengel.com\\\/wp-content\\\/uploads\\\/2025\\\/10\\\/Foto-von-uns-2.png\",\"width\":800,\"height\":800},{\"@type\":\"BreadcrumbList\",\"@id\":\"https:\\\/\\\/docs-schuengel.com\\\/#breadcrumb\",\"itemListElement\":[{\"@type\":\"ListItem\",\"position\":1,\"name\":\"Startseite\",\"item\":\"https:\\\/\\\/docs-schuengel.com\\\/\"},{\"@type\":\"ListItem\",\"position\":2,\"name\":\"Docs Sch\u00fcngel GmbH\"}]},{\"@type\":\"WebSite\",\"@id\":\"https:\\\/\\\/docs-schuengel.com\\\/#website\",\"url\":\"https:\\\/\\\/docs-schuengel.com\\\/\",\"name\":\"Docs Sch\u00fcngel | Ratio trifft Wahrnehmung\",\"description\":\"Wir entschl&uuml;sseln, was andere &uuml;bersehen.\",\"publisher\":{\"@id\":\"https:\\\/\\\/docs-schuengel.com\\\/#organization\"},\"alternateName\":\"Docs Sch\u00fcngel\",\"potentialAction\":[{\"@type\":\"SearchAction\",\"target\":{\"@type\":\"EntryPoint\",\"urlTemplate\":\"https:\\\/\\\/docs-schuengel.com\\\/?s={search_term_string}\"},\"query-input\":{\"@type\":\"PropertyValueSpecification\",\"valueRequired\":true,\"valueName\":\"search_term_string\"}}],\"inLanguage\":\"en-US\"},{\"@type\":\"Organization\",\"@id\":\"https:\\\/\\\/docs-schuengel.com\\\/#organization\",\"name\":\"Docs Sch\u00fcngel GmbH\",\"url\":\"https:\\\/\\\/docs-schuengel.com\\\/\",\"logo\":{\"@type\":\"ImageObject\",\"inLanguage\":\"en-US\",\"@id\":\"https:\\\/\\\/docs-schuengel.com\\\/#\\\/schema\\\/logo\\\/image\\\/\",\"url\":\"https:\\\/\\\/docs-schuengel.com\\\/wp-content\\\/uploads\\\/2025\\\/10\\\/Logo-kurz-in-Vektorgrafik-512-x-512-px.jpg\",\"contentUrl\":\"https:\\\/\\\/docs-schuengel.com\\\/wp-content\\\/uploads\\\/2025\\\/10\\\/Logo-kurz-in-Vektorgrafik-512-x-512-px.jpg\",\"width\":512,\"height\":512,\"caption\":\"Docs Sch\u00fcngel GmbH\"},\"image\":{\"@id\":\"https:\\\/\\\/docs-schuengel.com\\\/#\\\/schema\\\/logo\\\/image\\\/\"},\"sameAs\":[\"https:\\\/\\\/www.linkedin.com\\\/in\\\/dres-schngel-daniela-michael-a1b7a2348\\\/\"]}]}<\/script>\n<!-- \/ Yoast SEO plugin. -->","yoast_head_json":{"title":"Mentale Recodierung \u00b7 Crisis Mediation by SCHUENGEL. Exclusiv.","description":"Wir entschl\u00fcsseln, was andere \u00fcbersehen. Docs Sch\u00fcngel wirkt direkt im Bewusstseinsfeld. Pr\u00e4zise. Fundamental. Diskret.","robots":{"index":"index","follow":"follow","max-snippet":"max-snippet:-1","max-image-preview":"max-image-preview:large","max-video-preview":"max-video-preview:-1"},"canonical":"https:\/\/docs-schuengel.com\/en\/","og_locale":"en_US","og_type":"article","og_title":"Mentale Recodierung \u00b7 Crisis Mediation by SCHUENGEL. Exclusiv.","og_description":"Wir entschl\u00fcsseln, was andere \u00fcbersehen. Docs Sch\u00fcngel wirkt direkt im Bewusstseinsfeld. Pr\u00e4zise. Fundamental. Diskret.","og_url":"https:\/\/docs-schuengel.com\/en\/","og_site_name":"Docs Sch&uuml;ngel","article_modified_time":"2025-10-25T12:15:32+00:00","og_image":[{"width":800,"height":800,"url":"https:\/\/docs-schuengel.com\/wp-content\/uploads\/2025\/10\/Foto-von-uns-2.png","type":"image\/png"}],"twitter_card":"summary_large_image","twitter_misc":{"Est. reading time":"1 minute"},"schema":{"@context":"https:\/\/schema.org","@graph":[{"@type":"WebPage","@id":"https:\/\/docs-schuengel.com\/","url":"https:\/\/docs-schuengel.com\/","name":"Mentale Recodierung \u00b7 Crisis Mediation by SCHUENGEL. Exclusiv.","isPartOf":{"@id":"https:\/\/docs-schuengel.com\/#website"},"primaryImageOfPage":{"@id":"https:\/\/docs-schuengel.com\/#primaryimage"},"image":{"@id":"https:\/\/docs-schuengel.com\/#primaryimage"},"thumbnailUrl":"https:\/\/docs-schuengel.com\/wp-content\/uploads\/2025\/10\/Foto-von-uns-2.png","datePublished":"2025-10-25T12:11:27+00:00","dateModified":"2025-10-25T12:15:32+00:00","description":"Wir entschl\u00fcsseln, was andere \u00fcbersehen. Docs Sch\u00fcngel wirkt direkt im Bewusstseinsfeld. Pr\u00e4zise. Fundamental. Diskret.","breadcrumb":{"@id":"https:\/\/docs-schuengel.com\/#breadcrumb"},"inLanguage":"en-US","potentialAction":[{"@type":"ReadAction","target":["https:\/\/docs-schuengel.com\/"]}]},{"@type":"ImageObject","inLanguage":"en-US","@id":"https:\/\/docs-schuengel.com\/#primaryimage","url":"https:\/\/docs-schuengel.com\/wp-content\/uploads\/2025\/10\/Foto-von-uns-2.png","contentUrl":"https:\/\/docs-schuengel.com\/wp-content\/uploads\/2025\/10\/Foto-von-uns-2.png","width":800,"height":800},{"@type":"BreadcrumbList","@id":"https:\/\/docs-schuengel.com\/#breadcrumb","itemListElement":[{"@type":"ListItem","position":1,"name":"Startseite","item":"https:\/\/docs-schuengel.com\/"},{"@type":"ListItem","position":2,"name":"Docs Sch\u00fcngel GmbH"}]},{"@type":"WebSite","@id":"https:\/\/docs-schuengel.com\/#website","url":"https:\/\/docs-schuengel.com\/","name":"Docs Sch\u00fcngel | Ratio trifft Wahrnehmung","description":"Wir entschl&uuml;sseln, was andere &uuml;bersehen.","publisher":{"@id":"https:\/\/docs-schuengel.com\/#organization"},"alternateName":"Docs Sch\u00fcngel","potentialAction":[{"@type":"SearchAction","target":{"@type":"EntryPoint","urlTemplate":"https:\/\/docs-schuengel.com\/?s={search_term_string}"},"query-input":{"@type":"PropertyValueSpecification","valueRequired":true,"valueName":"search_term_string"}}],"inLanguage":"en-US"},{"@type":"Organization","@id":"https:\/\/docs-schuengel.com\/#organization","name":"Docs Sch\u00fcngel GmbH","url":"https:\/\/docs-schuengel.com\/","logo":{"@type":"ImageObject","inLanguage":"en-US","@id":"https:\/\/docs-schuengel.com\/#\/schema\/logo\/image\/","url":"https:\/\/docs-schuengel.com\/wp-content\/uploads\/2025\/10\/Logo-kurz-in-Vektorgrafik-512-x-512-px.jpg","contentUrl":"https:\/\/docs-schuengel.com\/wp-content\/uploads\/2025\/10\/Logo-kurz-in-Vektorgrafik-512-x-512-px.jpg","width":512,"height":512,"caption":"Docs Sch\u00fcngel GmbH"},"image":{"@id":"https:\/\/docs-schuengel.com\/#\/schema\/logo\/image\/"},"sameAs":["https:\/\/www.linkedin.com\/in\/dres-schngel-daniela-michael-a1b7a2348\/"]}]}},"uagb_featured_image_src":{"full":["https:\/\/docs-schuengel.com\/wp-content\/uploads\/2025\/10\/Foto-von-uns-2.png",800,800,false],"thumbnail":["https:\/\/docs-schuengel.com\/wp-content\/uploads\/2025\/10\/Foto-von-uns-2-150x150.png",150,150,true],"medium":["https:\/\/docs-schuengel.com\/wp-content\/uploads\/2025\/10\/Foto-von-uns-2-300x300.png",300,300,true],"medium_large":["https:\/\/docs-schuengel.com\/wp-content\/uploads\/2025\/10\/Foto-von-uns-2-768x768.png",768,768,true],"large":["https:\/\/docs-schuengel.com\/wp-content\/uploads\/2025\/10\/Foto-von-uns-2.png",800,800,false],"1536x1536":["https:\/\/docs-schuengel.com\/wp-content\/uploads\/2025\/10\/Foto-von-uns-2.png",800,800,false],"2048x2048":["https:\/\/docs-schuengel.com\/wp-content\/uploads\/2025\/10\/Foto-von-uns-2.png",800,800,false],"trp-custom-language-flag":["https:\/\/docs-schuengel.com\/wp-content\/uploads\/2025\/10\/Foto-von-uns-2.png",12,12,false]},"uagb_author_info":{"display_name":"admin","author_link":"https:\/\/docs-schuengel.com\/en\/author\/admin\/"},"uagb_comment_info":0,"uagb_excerpt":null,"_links":{"self":[{"href":"https:\/\/docs-schuengel.com\/en\/wp-json\/wp\/v2\/pages\/716","targetHints":{"allow":["GET"]}}],"collection":[{"href":"https:\/\/docs-schuengel.com\/en\/wp-json\/wp\/v2\/pages"}],"about":[{"href":"https:\/\/docs-schuengel.com\/en\/wp-json\/wp\/v2\/types\/page"}],"author":[{"embeddable":true,"href":"https:\/\/docs-schuengel.com\/en\/wp-json\/wp\/v2\/users\/1"}],"replies":[{"embeddable":true,"href":"https:\/\/docs-schuengel.com\/en\/wp-json\/wp\/v2\/comments?post=716"}],"version-history":[{"count":2,"href":"https:\/\/docs-schuengel.com\/en\/wp-json\/wp\/v2\/pages\/716\/revisions"}],"predecessor-version":[{"id":757,"href":"https:\/\/docs-schuengel.com\/en\/wp-json\/wp\/v2\/pages\/716\/revisions\/757"}],"wp:featuredmedia":[{"embeddable":true,"href":"https:\/\/docs-schuengel.com\/en\/wp-json\/wp\/v2\/media\/142"}],"wp:attachment":[{"href":"https:\/\/docs-schuengel.com\/en\/wp-json\/wp\/v2\/media?parent=716"}],"curies":[{"name":"wp","href":"https:\/\/api.w.org\/{rel}","templated":true}]}}